{"id":841,"date":"2022-02-15T10:13:39","date_gmt":"2022-02-15T09:13:39","guid":{"rendered":"https:\/\/www.alfaternanature.com\/?page_id=841"},"modified":"2025-11-12T15:21:45","modified_gmt":"2025-11-12T14:21:45","slug":"certificazioni","status":"publish","type":"page","link":"https:\/\/www.alfaternanature.com\/it\/certificazioni\/","title":{"rendered":"Certificazioni"},"content":{"rendered":"<div class=\"wpb-content-wrapper\"><p>[vc_row full_width=&#8221;stretch_row&#8221; css=&#8221;.vc_custom_1650012090100{background-image: url(https:\/\/www.alfaternanature.com\/wp-content\/uploads\/sites\/20\/2021\/12\/Aromi-naturali-2.jpg?id=555) !important;background-position: center !important;background-repeat: no-repeat !important;background-size: cover !important;}&#8221; el_class=&#8221;intestazione intestazione_dark&#8221;][vc_column][vc_empty_space height=&#8221;500px&#8221;][\/vc_column][\/vc_row][vc_row][vc_column][vc_column_text]<\/p>\n<h2 style=\"text-align: center;\">CERTIFICAZIONI<\/h2>\n<p>[\/vc_column_text][vc_empty_space height=&#8221;50px&#8221;][vc_column_text]<strong>Sicurezza e qualit\u00e0.<\/strong><br \/>\nProfessionalit\u00e0, competenza, esperienza, innovazione e massima attenzione nella selezione di prodotti di estrema qualit\u00e0 hanno reso possibile l&#8217;ottenimento delle pi\u00f9 importanti certificazioni nazionali ed internazionali del settore alimentare.[\/vc_column_text][\/vc_column][\/vc_row][vc_row][vc_column width=&#8221;1\/2&#8243;][vc_single_image image=&#8221;2225&#8243; img_size=&#8221;full&#8221; alignment=&#8221;center&#8221;][vc_column_text]<\/p>\n<h3 style=\"text-align: center;\">Bioagricert<\/h3>\n<p style=\"text-align: center;\">Bioagricert \u00e8 tra gli enti leader in Italia nella\u00a0<strong>certificazione delle produzioni agroalimentari biologiche e di qualit\u00e0.<\/strong> Dal 1984 Bioagricert supporta le aziende nel processo di qualifica di prodotti BIO e processi in base a regolamenti nazionali ed internazionali.<br \/>\nGrazie ad un sistema di servizi integrati accrescere le garanzie di sicurezza e di qualit\u00e0 dei prodotti e la loro competitivit\u00e0 sul mercato.[\/vc_column_text][\/vc_column][vc_column width=&#8221;1\/2&#8243;][vc_single_image image=&#8221;2244&#8243; img_size=&#8221;full&#8221; alignment=&#8221;center&#8221;][vc_column_text]<\/p>\n<h3 style=\"text-align: center;\">BRC Global Standard for Food Safety<\/h3>\n<p style=\"text-align: center;\">Il BRC Global Standard for Food Safety \u00e8 nato nel 1998 per\u00a0<strong>garantire<\/strong>\u00a0che i\u00a0<strong>prodotti a marchio<\/strong>\u00a0siano ottenuti secondo\u00a0<strong>standard\u00a0<\/strong>qualitativi ben definiti e nel rispetto di requisiti minimi.<br \/>\nPu\u00f2 essere paragonato ad un\u00a0<strong>capitolato<\/strong>\u00a0che\u00a0<strong>lega i fornitori qualificati all\u2019azienda di distribuzione<\/strong>.<br \/>\nE&#8217; uno degli standard relativi alla sicurezza alimentare <strong>riconosciuto<\/strong>\u00a0dal\u00a0<strong>Global Food Safety Initiative (GFSI)<\/strong>, un\u2019iniziativa internazionale, il cui scopo principale \u00e8 quello di rafforzare e promuovere la sicurezza alimentare lungo tutta la catena di fornitura.<\/p>\n<p><strong>GRADE AA+<\/strong> \/ UNANNUNCED[\/vc_column_text][\/vc_column][\/vc_row][vc_row][vc_column width=&#8221;1\/2&#8243;][vc_btn title=&#8221;SCARICA IL CERTIFICATO&#8221; shape=&#8221;square&#8221; color=&#8221;warning&#8221; size=&#8221;lg&#8221; align=&#8221;center&#8221; link=&#8221;url:https%3A%2F%2Fwww.alfaternanature.com%2Fwp-content%2Fuploads%2Fsites%2F20%2F2024%2F10%2FCERTIFICATO-BIO-IT-BIO-007-Alfaterna-soc.-coop.-SCAD.-17.04.27-1.pdf|target:_blank&#8221;][\/vc_column][vc_column width=&#8221;1\/2&#8243;][vc_btn title=&#8221;SCARICA IL CERTIFICATO&#8221; shape=&#8221;square&#8221; color=&#8221;warning&#8221; size=&#8221;lg&#8221; align=&#8221;center&#8221; css=&#8221;&#8221; link=&#8221;url:https%3A%2F%2Fwww.alfaternanature.com%2Fwp-content%2Fuploads%2Fsites%2F20%2F2025%2F10%2FALFATERNA-SRL-CERTIFICATO-BRC-FOOD-2025-2026-1.pdf|target:_blank&#8221;][\/vc_column][\/vc_row][vc_row][vc_column][vc_empty_space height=&#8221;40px&#8221;][\/vc_column][\/vc_row][vc_row][vc_column width=&#8221;1\/2&#8243;][vc_single_image image=&#8221;2217&#8243; img_size=&#8221;medium&#8221; alignment=&#8221;center&#8221;][vc_column_text]<\/p>\n<h3 style=\"text-align: center;\">Certificazione Kosher<\/h3>\n<p style=\"text-align: center;\">La certificazione Kosher, tra le pi\u00f9 rinomate, vanta standard internazionali, e si ottiene a seguito di un sofisticato iter di controllo da parte di un ente rabbinico specializzato in certificazioni Kosher, che supervisiona la produzione di un alimento in tutte le fasi del processo, al fine di garantire che esso sia Kosher, ossia conforme alle regoli alimentari ebraiche.<\/p>\n<p>[\/vc_column_text][\/vc_column][vc_column width=&#8221;1\/2&#8243;][vc_single_image image=&#8221;2221&#8243; img_size=&#8221;full&#8221; alignment=&#8221;center&#8221;][vc_column_text]<\/p>\n<h3 style=\"text-align: center;\">Certificazione Halal<\/h3>\n<p style=\"text-align: center;\">La certificazione Halal \u00e8 un attestato che coinvolge un&#8217;istituzione valida, competente e imparziale per ispezionare la produzione in questione, verificare che tutti i prodotti in uscita siano stati lavorati in conformit\u00e0 con gli standard Halal e solo allora, rilascia un documento approvato di certificazione finale. La certificazione Halal \u00e8 una condizione necessaria per la produzione di un prodotto accettabile, affidabile e consumabile per i consumatori religiosamente sensibili a questa dottrina, a cui Alfaterna \u00e8 particolarmente sensibile.<\/p>\n<p>[\/vc_column_text][\/vc_column][\/vc_row][vc_row][vc_column width=&#8221;1\/2&#8243;][vc_btn title=&#8221;SCARICA IL CERTIFICATO PARVE&#8221; shape=&#8221;square&#8221; color=&#8221;warning&#8221; size=&#8221;lg&#8221; align=&#8221;center&#8221; css=&#8221;&#8221; link=&#8221;url:https%3A%2F%2Fwww.alfaternanature.com%2Fwp-content%2Fuploads%2Fsites%2F20%2F2025%2F10%2FCertificato.-KOSHER-rav.-Locci-Parve-Alfaterna-SRL-2025-26.pdf|target:_blank&#8221;][vc_btn title=&#8221;SCARICA IL CERTIFICATO DAIRY&#8221; shape=&#8221;square&#8221; color=&#8221;warning&#8221; size=&#8221;lg&#8221; align=&#8221;center&#8221; css=&#8221;&#8221; link=&#8221;url:https%3A%2F%2Fwww.alfaternanature.com%2Fwp-content%2Fuploads%2Fsites%2F20%2F2025%2F10%2FCertificato.-KOSHER-rav.-Locci-Dairy-Alfaterna-SRL-2025-26.pdf|target:_blank&#8221;][\/vc_column][vc_column width=&#8221;1\/2&#8243;][vc_btn title=&#8221;SCARICA IL CERTIFICATO&#8221; shape=&#8221;square&#8221; color=&#8221;warning&#8221; size=&#8221;lg&#8221; align=&#8221;center&#8221; css=&#8221;&#8221; link=&#8221;url:https%3A%2F%2Fwww.alfaternanature.com%2Fwp-content%2Fuploads%2Fsites%2F20%2F2025%2F11%2FCertif.-Halal-HQC-2025-26-Alfaterna-SRL-1.pdf|target:_blank&#8221;][\/vc_column][\/vc_row][vc_row][vc_column][vc_empty_space height=&#8221;40px&#8221;][\/vc_column][\/vc_row][vc_row][vc_column width=&#8221;1\/2&#8243;][vc_single_image image=&#8221;2338&#8243; img_size=&#8221;full&#8221; alignment=&#8221;center&#8221;][vc_column_text]<\/p>\n<h3 style=\"text-align: center;\">Limone di Sorrento IGP<\/h3>\n<p style=\"text-align: center;\">Il Limone di Sorrento, noto come &#8220;Ovale di Sorrento&#8221;, \u00e8 un prodotto che si distingue qualitativamente dai prodotti simili grazie alle peculiari caratteristiche di serbevolezza ed aroma proprie della variet\u00e0 locale. Quest\u2019ultima allevata con le singolari tecniche di coltivazione adoperate in Penisola Sorrentina, che consentono di esaltarne le qualit\u00e0 specifiche, ha ottenuto il riconoscimento comunitario di Indicazione Geografica Tipica (I.G.P.) che protegge e valorizza l\u2019esclusivo e ineguagliabile Limone di Sorrento I.G.P.<\/p>\n<p>[\/vc_column_text][\/vc_column][vc_column width=&#8221;1\/2&#8243;][vc_single_image image=&#8221;2330&#8243; img_size=&#8221;full&#8221; alignment=&#8221;center&#8221;][vc_column_text]<\/p>\n<h3 style=\"text-align: center;\">Limone IGP Costa d&#8217;Amalfi<\/h3>\n<p style=\"text-align: center;\">Lo Sfusato Amalfitano genuino della Costa d&#8217;Amalfi \u00e8 il limone CV &#8220;sfusato&#8221;. Sotto una spessa scorza giallo-chiaro, batte una polpa tenera. Un&#8217;anima dolce e succosa in una terra tutta da sbucciare.<\/p>\n<p style=\"text-align: center;\">Il profumo intenso e frizzante evoca le emozioni, l&#8217;incanto e i colori delle sue terre. Un frutto eccellente, apprezzato anche all&#8217;estero. Un agrume ambasciatore certificato di una terra considerata, per arte e storia, patrimonio UNESCO. Segni particolari: profumo intenso; forma affusolata; polpa succosa; semi quasi assenti. Ricchissimo di vitamina C e oli essenziali. Delizioso al naturale, ideale nella preparazione di fresche ricette &#8211; ha ottenuto il riconoscimento comunitario di Indicazione Geografica Tipica (I.G.P.) che protegge e valorizza il Limone I.G.P. Costa d&#8217;Amalfi.<\/p>\n<p>[\/vc_column_text][\/vc_column][\/vc_row][vc_row][vc_column width=&#8221;1\/2&#8243;][vc_single_image image=&#8221;2228&#8243; img_size=&#8221;full&#8221; alignment=&#8221;center&#8221;][\/vc_column][vc_column width=&#8221;1\/2&#8243;][vc_single_image image=&#8221;1260&#8243; img_size=&#8221;full&#8221; alignment=&#8221;center&#8221;][\/vc_column][\/vc_row]<\/p>\n<\/div>","protected":false},"excerpt":{"rendered":"<p>[vc_row full_width=&#8221;stretch_row&#8221; css=&#8221;.vc_custom_1650012090100{background-image: url(https:\/\/www.alfaternanature.com\/wp-content\/uploads\/sites\/20\/2021\/12\/Aromi-naturali-2.jpg?id=555) !important;background-position: center !important;background-repeat: no-repeat !important;background-size: cover !important;}&#8221; el_class=&#8221;intestazione intestazione_dark&#8221;][vc_column][vc_empty_space height=&#8221;500px&#8221;][\/vc_column][\/vc_row][vc_row][vc_column][vc_column_text] CERTIFICAZIONI [\/vc_column_text][vc_empty_space height=&#8221;50px&#8221;][vc_column_text]Sicurezza e qualit\u00e0. Professionalit\u00e0, competenza, esperienza, innovazione e massima attenzione nella selezione di prodotti di estrema qualit\u00e0 hanno reso possibile l&#8217;ottenimento delle pi\u00f9 importanti certificazioni nazionali ed internazionali del settore alimentare.[\/vc_column_text][\/vc_column][\/vc_row][vc_row][vc_column width=&#8221;1\/2&#8243;][vc_single_image image=&#8221;2225&#8243; img_size=&#8221;full&#8221; alignment=&#8221;center&#8221;][vc_column_text] Bioagricert Bioagricert \u00e8 tra [&hellip;]<\/p>\n","protected":false},"author":9,"featured_media":0,"parent":0,"menu_order":0,"comment_status":"closed","ping_status":"closed","template":"","meta":{"_acf_changed":false,"inline_featured_image":false,"site-sidebar-layout":"no-sidebar","site-content-layout":"plain-container","ast-site-content-layout":"normal-width-container","site-content-style":"unboxed","site-sidebar-style":"unboxed","ast-global-header-display":"","ast-banner-title-visibility":"","ast-main-header-display":"","ast-hfb-above-header-display":"","ast-hfb-below-header-display":"","ast-hfb-mobile-header-display":"","site-post-title":"disabled","ast-breadcrumbs-content":"","ast-featured-img":"disabled","footer-sml-layout":"","ast-disable-related-posts":"","theme-transparent-header-meta":"default","adv-header-id-meta":"","stick-header-meta":"","header-above-stick-meta":"","header-main-stick-meta":"","header-below-stick-meta":"","astra-migrate-meta-layouts":"set","ast-page-background-enabled":"default","ast-page-background-meta":{"desktop":{"background-color":"var(--ast-global-color-4)","background-image":"","background-repeat":"repeat","background-position":"center center","background-size":"auto","background-attachment":"scroll","background-type":"","background-media":"","overlay-type":"","overlay-color":"","overlay-opacity":"","overlay-gradient":""},"tablet":{"background-color":"","background-image":"","background-repeat":"repeat","background-position":"center center","background-size":"auto","background-attachment":"scroll","background-type":"","background-media":"","overlay-type":"","overlay-color":"","overlay-opacity":"","overlay-gradient":""},"mobile":{"background-color":"","background-image":"","background-repeat":"repeat","background-position":"center center","background-size":"auto","background-attachment":"scroll","background-type":"","background-media":"","overlay-type":"","overlay-color":"","overlay-opacity":"","overlay-gradient":""}},"ast-content-background-meta":{"desktop":{"background-color":"var(--ast-global-color-5)","background-image":"","background-repeat":"repeat","background-position":"center center","background-size":"auto","background-attachment":"scroll","background-type":"","background-media":"","overlay-type":"","overlay-color":"","overlay-opacity":"","overlay-gradient":""},"tablet":{"background-color":"var(--ast-global-color-5)","background-image":"","background-repeat":"repeat","background-position":"center center","background-size":"auto","background-attachment":"scroll","background-type":"","background-media":"","overlay-type":"","overlay-color":"","overlay-opacity":"","overlay-gradient":""},"mobile":{"background-color":"var(--ast-global-color-5)","background-image":"","background-repeat":"repeat","background-position":"center center","background-size":"auto","background-attachment":"scroll","background-type":"","background-media":"","overlay-type":"","overlay-color":"","overlay-opacity":"","overlay-gradient":""}},"footnotes":""},"class_list":["post-841","page","type-page","status-publish","hentry"],"acf":[],"yoast_head":"<!-- This site is optimized with the Yoast SEO plugin v27.4 - https:\/\/yoast.com\/product\/yoast-seo-wordpress\/ -->\n<title>Certificazioni - Alfaterna - Aromi Naturali<\/title>\n<meta name=\"robots\" content=\"index, follow, max-snippet:-1, max-image-preview:large, max-video-preview:-1\" \/>\n<link rel=\"canonical\" href=\"https:\/\/www.alfaternanature.com\/it\/certificazioni\/\" \/>\n<meta property=\"og:locale\" content=\"it_IT\" \/>\n<meta property=\"og:type\" content=\"article\" \/>\n<meta property=\"og:title\" content=\"Certificazioni - Alfaterna - Aromi Naturali\" \/>\n<meta property=\"og:description\" content=\"[vc_row full_width=&#8221;stretch_row&#8221; css=&#8221;.vc_custom_1650012090100{background-image: url(https:\/\/www.alfaternanature.com\/wp-content\/uploads\/sites\/20\/2021\/12\/Aromi-naturali-2.jpg?id=555) !important;background-position: center !important;background-repeat: no-repeat !important;background-size: cover !important;}&#8221; el_class=&#8221;intestazione intestazione_dark&#8221;][vc_column][vc_empty_space height=&#8221;500px&#8221;][\/vc_column][\/vc_row][vc_row][vc_column][vc_column_text] CERTIFICAZIONI [\/vc_column_text][vc_empty_space height=&#8221;50px&#8221;][vc_column_text]Sicurezza e qualit\u00e0. Professionalit\u00e0, competenza, esperienza, innovazione e massima attenzione nella selezione di prodotti di estrema qualit\u00e0 hanno reso possibile l&#8217;ottenimento delle pi\u00f9 importanti certificazioni nazionali ed internazionali del settore alimentare.[\/vc_column_text][\/vc_column][\/vc_row][vc_row][vc_column width=&#8221;1\/2&#8243;][vc_single_image image=&#8221;2225&#8243; img_size=&#8221;full&#8221; alignment=&#8221;center&#8221;][vc_column_text] Bioagricert Bioagricert \u00e8 tra [&hellip;]\" \/>\n<meta property=\"og:url\" content=\"https:\/\/www.alfaternanature.com\/it\/certificazioni\/\" \/>\n<meta property=\"og:site_name\" content=\"Alfaterna - Aromi Naturali\" \/>\n<meta property=\"article:modified_time\" content=\"2025-11-12T14:21:45+00:00\" \/>\n<meta name=\"twitter:card\" content=\"summary_large_image\" \/>\n<meta name=\"twitter:label1\" content=\"Tempo di lettura stimato\" \/>\n\t<meta name=\"twitter:data1\" content=\"4 minuti\" \/>\n<script type=\"application\/ld+json\" class=\"yoast-schema-graph\">{\"@context\":\"https:\\\/\\\/schema.org\",\"@graph\":[{\"@type\":\"WebPage\",\"@id\":\"https:\\\/\\\/www.alfaternanature.com\\\/it\\\/certificazioni\\\/\",\"url\":\"https:\\\/\\\/www.alfaternanature.com\\\/it\\\/certificazioni\\\/\",\"name\":\"Certificazioni - Alfaterna - Aromi Naturali\",\"isPartOf\":{\"@id\":\"https:\\\/\\\/www.alfaternanature.com\\\/it\\\/#website\"},\"datePublished\":\"2022-02-15T09:13:39+00:00\",\"dateModified\":\"2025-11-12T14:21:45+00:00\",\"breadcrumb\":{\"@id\":\"https:\\\/\\\/www.alfaternanature.com\\\/it\\\/certificazioni\\\/#breadcrumb\"},\"inLanguage\":\"it-IT\",\"potentialAction\":[{\"@type\":\"ReadAction\",\"target\":[\"https:\\\/\\\/www.alfaternanature.com\\\/it\\\/certificazioni\\\/\"]}]},{\"@type\":\"BreadcrumbList\",\"@id\":\"https:\\\/\\\/www.alfaternanature.com\\\/it\\\/certificazioni\\\/#breadcrumb\",\"itemListElement\":[{\"@type\":\"ListItem\",\"position\":1,\"name\":\"Home\",\"item\":\"https:\\\/\\\/www.alfaternanature.com\\\/it\\\/\"},{\"@type\":\"ListItem\",\"position\":2,\"name\":\"Certificazioni\"}]},{\"@type\":\"WebSite\",\"@id\":\"https:\\\/\\\/www.alfaternanature.com\\\/it\\\/#website\",\"url\":\"https:\\\/\\\/www.alfaternanature.com\\\/it\\\/\",\"name\":\"Alfaterna - Aromi Naturali\",\"description\":\"\",\"publisher\":{\"@id\":\"https:\\\/\\\/www.alfaternanature.com\\\/it\\\/#organization\"},\"potentialAction\":[{\"@type\":\"SearchAction\",\"target\":{\"@type\":\"EntryPoint\",\"urlTemplate\":\"https:\\\/\\\/www.alfaternanature.com\\\/it\\\/?s={search_term_string}\"},\"query-input\":{\"@type\":\"PropertyValueSpecification\",\"valueRequired\":true,\"valueName\":\"search_term_string\"}}],\"inLanguage\":\"it-IT\"},{\"@type\":\"Organization\",\"@id\":\"https:\\\/\\\/www.alfaternanature.com\\\/it\\\/#organization\",\"name\":\"Alfaterna Nature Societ\u00e0 Cooperativa\",\"url\":\"https:\\\/\\\/www.alfaternanature.com\\\/it\\\/\",\"logo\":{\"@type\":\"ImageObject\",\"inLanguage\":\"it-IT\",\"@id\":\"https:\\\/\\\/www.alfaternanature.com\\\/it\\\/#\\\/schema\\\/logo\\\/image\\\/\",\"url\":\"https:\\\/\\\/lenuslab.com\\\/alfaterna\\\/wp-content\\\/uploads\\\/sites\\\/20\\\/2021\\\/12\\\/logo_alfaterna_nature.png\",\"contentUrl\":\"https:\\\/\\\/lenuslab.com\\\/alfaterna\\\/wp-content\\\/uploads\\\/sites\\\/20\\\/2021\\\/12\\\/logo_alfaterna_nature.png\",\"width\":800,\"height\":600,\"caption\":\"Alfaterna Nature Societ\u00e0 Cooperativa\"},\"image\":{\"@id\":\"https:\\\/\\\/www.alfaternanature.com\\\/it\\\/#\\\/schema\\\/logo\\\/image\\\/\"}}]}<\/script>\n<!-- \/ Yoast SEO plugin. -->","yoast_head_json":{"title":"Certificazioni - Alfaterna - Aromi Naturali","robots":{"index":"index","follow":"follow","max-snippet":"max-snippet:-1","max-image-preview":"max-image-preview:large","max-video-preview":"max-video-preview:-1"},"canonical":"https:\/\/www.alfaternanature.com\/it\/certificazioni\/","og_locale":"it_IT","og_type":"article","og_title":"Certificazioni - Alfaterna - Aromi Naturali","og_description":"[vc_row full_width=&#8221;stretch_row&#8221; css=&#8221;.vc_custom_1650012090100{background-image: url(https:\/\/www.alfaternanature.com\/wp-content\/uploads\/sites\/20\/2021\/12\/Aromi-naturali-2.jpg?id=555) !important;background-position: center !important;background-repeat: no-repeat !important;background-size: cover !important;}&#8221; el_class=&#8221;intestazione intestazione_dark&#8221;][vc_column][vc_empty_space height=&#8221;500px&#8221;][\/vc_column][\/vc_row][vc_row][vc_column][vc_column_text] CERTIFICAZIONI [\/vc_column_text][vc_empty_space height=&#8221;50px&#8221;][vc_column_text]Sicurezza e qualit\u00e0. Professionalit\u00e0, competenza, esperienza, innovazione e massima attenzione nella selezione di prodotti di estrema qualit\u00e0 hanno reso possibile l&#8217;ottenimento delle pi\u00f9 importanti certificazioni nazionali ed internazionali del settore alimentare.[\/vc_column_text][\/vc_column][\/vc_row][vc_row][vc_column width=&#8221;1\/2&#8243;][vc_single_image image=&#8221;2225&#8243; img_size=&#8221;full&#8221; alignment=&#8221;center&#8221;][vc_column_text] Bioagricert Bioagricert \u00e8 tra [&hellip;]","og_url":"https:\/\/www.alfaternanature.com\/it\/certificazioni\/","og_site_name":"Alfaterna - Aromi Naturali","article_modified_time":"2025-11-12T14:21:45+00:00","twitter_card":"summary_large_image","twitter_misc":{"Tempo di lettura stimato":"4 minuti"},"schema":{"@context":"https:\/\/schema.org","@graph":[{"@type":"WebPage","@id":"https:\/\/www.alfaternanature.com\/it\/certificazioni\/","url":"https:\/\/www.alfaternanature.com\/it\/certificazioni\/","name":"Certificazioni - Alfaterna - Aromi Naturali","isPartOf":{"@id":"https:\/\/www.alfaternanature.com\/it\/#website"},"datePublished":"2022-02-15T09:13:39+00:00","dateModified":"2025-11-12T14:21:45+00:00","breadcrumb":{"@id":"https:\/\/www.alfaternanature.com\/it\/certificazioni\/#breadcrumb"},"inLanguage":"it-IT","potentialAction":[{"@type":"ReadAction","target":["https:\/\/www.alfaternanature.com\/it\/certificazioni\/"]}]},{"@type":"BreadcrumbList","@id":"https:\/\/www.alfaternanature.com\/it\/certificazioni\/#breadcrumb","itemListElement":[{"@type":"ListItem","position":1,"name":"Home","item":"https:\/\/www.alfaternanature.com\/it\/"},{"@type":"ListItem","position":2,"name":"Certificazioni"}]},{"@type":"WebSite","@id":"https:\/\/www.alfaternanature.com\/it\/#website","url":"https:\/\/www.alfaternanature.com\/it\/","name":"Alfaterna - Aromi Naturali","description":"","publisher":{"@id":"https:\/\/www.alfaternanature.com\/it\/#organization"},"potentialAction":[{"@type":"SearchAction","target":{"@type":"EntryPoint","urlTemplate":"https:\/\/www.alfaternanature.com\/it\/?s={search_term_string}"},"query-input":{"@type":"PropertyValueSpecification","valueRequired":true,"valueName":"search_term_string"}}],"inLanguage":"it-IT"},{"@type":"Organization","@id":"https:\/\/www.alfaternanature.com\/it\/#organization","name":"Alfaterna Nature Societ\u00e0 Cooperativa","url":"https:\/\/www.alfaternanature.com\/it\/","logo":{"@type":"ImageObject","inLanguage":"it-IT","@id":"https:\/\/www.alfaternanature.com\/it\/#\/schema\/logo\/image\/","url":"https:\/\/lenuslab.com\/alfaterna\/wp-content\/uploads\/sites\/20\/2021\/12\/logo_alfaterna_nature.png","contentUrl":"https:\/\/lenuslab.com\/alfaterna\/wp-content\/uploads\/sites\/20\/2021\/12\/logo_alfaterna_nature.png","width":800,"height":600,"caption":"Alfaterna Nature Societ\u00e0 Cooperativa"},"image":{"@id":"https:\/\/www.alfaternanature.com\/it\/#\/schema\/logo\/image\/"}}]}},"_links":{"self":[{"href":"https:\/\/www.alfaternanature.com\/it\/wp-json\/wp\/v2\/pages\/841","targetHints":{"allow":["GET"]}}],"collection":[{"href":"https:\/\/www.alfaternanature.com\/it\/wp-json\/wp\/v2\/pages"}],"about":[{"href":"https:\/\/www.alfaternanature.com\/it\/wp-json\/wp\/v2\/types\/page"}],"author":[{"embeddable":true,"href":"https:\/\/www.alfaternanature.com\/it\/wp-json\/wp\/v2\/users\/9"}],"replies":[{"embeddable":true,"href":"https:\/\/www.alfaternanature.com\/it\/wp-json\/wp\/v2\/comments?post=841"}],"version-history":[{"count":34,"href":"https:\/\/www.alfaternanature.com\/it\/wp-json\/wp\/v2\/pages\/841\/revisions"}],"predecessor-version":[{"id":2490,"href":"https:\/\/www.alfaternanature.com\/it\/wp-json\/wp\/v2\/pages\/841\/revisions\/2490"}],"wp:attachment":[{"href":"https:\/\/www.alfaternanature.com\/it\/wp-json\/wp\/v2\/media?parent=841"}],"curies":[{"name":"wp","href":"https:\/\/api.w.org\/{rel}","templated":true}]}}